{"id":1111,"date":"2023-07-11T08:44:53","date_gmt":"2023-07-11T08:44:53","guid":{"rendered":"https:\/\/busy-haslett.51-89-175-194.plesk.page\/?page_id=1111"},"modified":"2023-10-04T14:56:31","modified_gmt":"2023-10-04T14:56:31","slug":"bussole","status":"publish","type":"page","link":"https:\/\/scarabeogioielli.it\/index.php\/bussole\/","title":{"rendered":"Bussole"},"content":{"rendered":"\t\t<div data-elementor-type=\"wp-page\" data-elementor-id=\"1111\" class=\"elementor elementor-1111\" data-elementor-post-type=\"page\">\n\t\t\t\t\t\t<section class=\"elementor-section elementor-top-section elementor-element elementor-element-a83e020 elementor-section-full_width elementor-section-height-default elementor-section-height-default\" data-id=\"a83e020\" data-element_type=\"section\">\n\t\t\t\t\t\t<div class=\"elementor-container elementor-column-gap-no\">\n\t\t\t\t\t<div class=\"elementor-column elementor-col-100 elementor-top-column elementor-element elementor-element-3ca17c3\" data-id=\"3ca17c3\" data-element_type=\"column\">\n\t\t\t<div class=\"elementor-widget-wrap elementor-element-populated\">\n\t\t\t\t\t\t<div class=\"elementor-element elementor-element-be4db9a elementor-widget elementor-widget-image\" data-id=\"be4db9a\" data-element_type=\"widget\" data-widget_type=\"image.default\">\n\t\t\t\t<div class=\"elementor-widget-container\">\n\t\t\t\t\t\t\t\t\t\t\t\t\t\t\t<img fetchpriority=\"high\" decoding=\"async\" width=\"1500\" height=\"1000\" src=\"https:\/\/scarabeogioielli.it\/wp-content\/uploads\/2023\/07\/ciondoli_bussole.jpg\" class=\"attachment-full size-full wp-image-1286\" alt=\"\" srcset=\"https:\/\/scarabeogioielli.it\/wp-content\/uploads\/2023\/07\/ciondoli_bussole.jpg 1500w, https:\/\/scarabeogioielli.it\/wp-content\/uploads\/2023\/07\/ciondoli_bussole-300x200.jpg 300w, https:\/\/scarabeogioielli.it\/wp-content\/uploads\/2023\/07\/ciondoli_bussole-1024x683.jpg 1024w, https:\/\/scarabeogioielli.it\/wp-content\/uploads\/2023\/07\/ciondoli_bussole-768x512.jpg 768w\" sizes=\"(max-width: 1500px) 100vw, 1500px\" \/>\t\t\t\t\t\t\t\t\t\t\t\t\t\t\t<\/div>\n\t\t\t\t<\/div>\n\t\t\t\t\t<\/div>\n\t\t<\/div>\n\t\t\t\t\t<\/div>\n\t\t<\/section>\n\t\t\t\t<section class=\"elementor-section elementor-top-section elementor-element elementor-element-92ed42a elementor-section-full_width elementor-section-height-default elementor-section-height-default\" data-id=\"92ed42a\" data-element_type=\"section\" data-settings=\"{&quot;background_background&quot;:&quot;gradient&quot;}\">\n\t\t\t\t\t\t<div class=\"elementor-container elementor-column-gap-no\">\n\t\t\t\t\t<div class=\"elementor-column elementor-col-100 elementor-top-column elementor-element elementor-element-6ba8025\" data-id=\"6ba8025\" data-element_type=\"column\">\n\t\t\t<div class=\"elementor-widget-wrap elementor-element-populated\">\n\t\t\t\t\t\t<div class=\"elementor-element elementor-element-0bac6bb elementor-widget elementor-widget-heading\" data-id=\"0bac6bb\" data-element_type=\"widget\" data-widget_type=\"heading.default\">\n\t\t\t\t<div class=\"elementor-widget-container\">\n\t\t\t\t\t<h2 class=\"elementor-heading-title elementor-size-default\">BUSSOLE<\/h2>\t\t\t\t<\/div>\n\t\t\t\t<\/div>\n\t\t\t\t\t<\/div>\n\t\t<\/div>\n\t\t\t\t\t<\/div>\n\t\t<\/section>\n\t\t\t\t<section class=\"elementor-section elementor-top-section elementor-element elementor-element-0bf2b32 elementor-section-full_width elementor-section-height-default elementor-section-height-default\" data-id=\"0bf2b32\" data-element_type=\"section\" data-settings=\"{&quot;background_background&quot;:&quot;classic&quot;}\">\n\t\t\t\t\t\t<div class=\"elementor-container elementor-column-gap-no\">\n\t\t\t\t\t<div class=\"elementor-column elementor-col-100 elementor-top-column elementor-element elementor-element-d0aa97e\" data-id=\"d0aa97e\" data-element_type=\"column\">\n\t\t\t<div class=\"elementor-widget-wrap elementor-element-populated\">\n\t\t\t\t\t\t<div class=\"elementor-element elementor-element-de76380 elementor-widget-divider--view-line elementor-widget elementor-widget-divider\" data-id=\"de76380\" data-element_type=\"widget\" data-widget_type=\"divider.default\">\n\t\t\t\t<div class=\"elementor-widget-container\">\n\t\t\t\t\t\t\t<div class=\"elementor-divider\">\n\t\t\t<span class=\"elementor-divider-separator\">\n\t\t\t\t\t\t<\/span>\n\t\t<\/div>\n\t\t\t\t\t\t<\/div>\n\t\t\t\t<\/div>\n\t\t\t\t\t<\/div>\n\t\t<\/div>\n\t\t\t\t\t<\/div>\n\t\t<\/section>\n\t\t\t\t<section class=\"elementor-section elementor-top-section elementor-element elementor-element-ccea823 elementor-section-boxed elementor-section-height-default elementor-section-height-default\" data-id=\"ccea823\" data-element_type=\"section\">\n\t\t\t\t\t\t<div class=\"elementor-container elementor-column-gap-default\">\n\t\t\t\t\t<div class=\"elementor-column elementor-col-100 elementor-top-column elementor-element elementor-element-a5ed73e\" data-id=\"a5ed73e\" data-element_type=\"column\">\n\t\t\t<div class=\"elementor-widget-wrap elementor-element-populated\">\n\t\t\t\t\t\t<div class=\"elementor-element elementor-element-4fed557 elementor-widget elementor-widget-text-editor\" data-id=\"4fed557\" data-element_type=\"widget\" data-widget_type=\"text-editor.default\">\n\t\t\t\t<div class=\"elementor-widget-container\">\n\t\t\t\t\t\t\t\t\t<p>Questa collezione vede come protagonista la <strong>bussola<\/strong>, un oggetto che custodisce un significato universale. Usata fin dall\u2019antichit\u00e0 per orientarsi nei viaggi, simboleggia <strong>sicurezza e protezione<\/strong>: \u00e8 vista come una guida perch\u00e9 affidandosi ad essa non ci si pu\u00f2 mai perdere.<br \/>Potete donarla a qualcuno, con il significato di voler compiere un viaggio di vita insieme o come augurio di poter trovare la direzione giusta, ma potete anche regalarvela come simbolo di indipendenza e fiducia, derivante dal sapere che qualunque cosa accada troverete sempre la vostra strada.<\/p><p>I cordini delle nostre bussole sono i <strong>sagolini utilizzati sulle barche a vela<\/strong> e li acquistiamo direttamente da un\u2019azienda leader nel settore nautico. Ci\u00f2 significa che sono resistenti e assolutamente indistruttibili.<\/p>\t\t\t\t\t\t\t\t<\/div>\n\t\t\t\t<\/div>\n\t\t\t\t\t<\/div>\n\t\t<\/div>\n\t\t\t\t\t<\/div>\n\t\t<\/section>\n\t\t\t\t<section class=\"elementor-section elementor-top-section elementor-element elementor-element-8459e44 elementor-section-boxed elementor-section-height-default elementor-section-height-default\" data-id=\"8459e44\" data-element_type=\"section\">\n\t\t\t\t\t\t<div class=\"elementor-container elementor-column-gap-default\">\n\t\t\t\t\t<div class=\"elementor-column elementor-col-100 elementor-top-column elementor-element elementor-element-cd4fc13\" data-id=\"cd4fc13\" data-element_type=\"column\">\n\t\t\t<div class=\"elementor-widget-wrap elementor-element-populated\">\n\t\t\t\t\t\t<div class=\"elementor-element elementor-element-2472bf0 elementor-widget elementor-widget-text-editor\" data-id=\"2472bf0\" data-element_type=\"widget\" data-widget_type=\"text-editor.default\">\n\t\t\t\t<div class=\"elementor-widget-container\">\n\t\t\t\t\t\t\t\t\t<ul><li><em>Disponibili in oro, argento e con pietre preziose.<\/em><\/li><li><em>Bussola magnetica funzionante.<\/em><\/li><\/ul>\t\t\t\t\t\t\t\t<\/div>\n\t\t\t\t<\/div>\n\t\t\t\t\t<\/div>\n\t\t<\/div>\n\t\t\t\t\t<\/div>\n\t\t<\/section>\n\t\t\t\t<section class=\"elementor-section elementor-top-section elementor-element elementor-element-4caec61 elementor-section-full_width elementor-section-height-default elementor-section-height-default\" data-id=\"4caec61\" data-element_type=\"section\">\n\t\t\t\t\t\t<div class=\"elementor-container elementor-column-gap-default\">\n\t\t\t\t\t<div class=\"elementor-column elementor-col-100 elementor-top-column elementor-element elementor-element-de0ced5\" data-id=\"de0ced5\" data-element_type=\"column\">\n\t\t\t<div class=\"elementor-widget-wrap elementor-element-populated\">\n\t\t\t\t\t\t<div class=\"elementor-element elementor-element-142b128 elementor-pagination-position-outside elementor-widget elementor-widget-image-carousel\" data-id=\"142b128\" data-element_type=\"widget\" data-settings=\"{&quot;slides_to_show&quot;:&quot;3&quot;,&quot;slides_to_scroll&quot;:&quot;1&quot;,&quot;navigation&quot;:&quot;dots&quot;,&quot;pause_on_hover&quot;:&quot;no&quot;,&quot;pause_on_interaction&quot;:&quot;no&quot;,&quot;autoplay_speed&quot;:3000,&quot;image_spacing_custom&quot;:{&quot;unit&quot;:&quot;px&quot;,&quot;size&quot;:10,&quot;sizes&quot;:[]},&quot;autoplay&quot;:&quot;yes&quot;,&quot;infinite&quot;:&quot;yes&quot;,&quot;speed&quot;:500,&quot;image_spacing_custom_tablet&quot;:{&quot;unit&quot;:&quot;px&quot;,&quot;size&quot;:&quot;&quot;,&quot;sizes&quot;:[]},&quot;image_spacing_custom_mobile&quot;:{&quot;unit&quot;:&quot;px&quot;,&quot;size&quot;:&quot;&quot;,&quot;sizes&quot;:[]}}\" data-widget_type=\"image-carousel.default\">\n\t\t\t\t<div class=\"elementor-widget-container\">\n\t\t\t\t\t\t\t<div class=\"elementor-image-carousel-wrapper swiper\" role=\"region\" aria-roledescription=\"carousel\" aria-label=\"Carosello d&#039;immagini\" dir=\"ltr\">\n\t\t\t<div class=\"elementor-image-carousel swiper-wrapper swiper-image-stretch\" aria-live=\"off\">\n\t\t\t\t\t\t\t\t<div class=\"swiper-slide\" role=\"group\" aria-roledescription=\"slide\" aria-label=\"1 di 3\"><a data-elementor-open-lightbox=\"yes\" data-elementor-lightbox-slideshow=\"142b128\" data-elementor-lightbox-title=\"CI 381 Ciondolo in oro bianco e bussola,  CI 380  Ciondolo in oro giallo e bussola\" data-e-action-hash=\"#elementor-action%3Aaction%3Dlightbox%26settings%3DeyJpZCI6MTI5MCwidXJsIjoiaHR0cHM6XC9cL3NjYXJhYmVvZ2lvaWVsbGkuaXRcL3dwLWNvbnRlbnRcL3VwbG9hZHNcLzIwMjNcLzA3XC9jaS0zODEtY2lvbmRvbG8taW4tb3JvLWJpYW5jby1lLWJ1c3NvbGEtY2ktMzgwLWNpb25kb2xvLWluLW9yby1naWFsbG8tZS1idXNzb2xhLmpwZyIsInNsaWRlc2hvdyI6IjE0MmIxMjgifQ%3D%3D\" href=\"https:\/\/scarabeogioielli.it\/wp-content\/uploads\/2023\/07\/ci-381-ciondolo-in-oro-bianco-e-bussola-ci-380-ciondolo-in-oro-giallo-e-bussola.jpg\"><figure class=\"swiper-slide-inner\"><img decoding=\"async\" class=\"swiper-slide-image\" src=\"https:\/\/scarabeogioielli.it\/wp-content\/uploads\/elementor\/thumbs\/ci-381-ciondolo-in-oro-bianco-e-bussola-ci-380-ciondolo-in-oro-giallo-e-bussola-qe00y7z68w6lzdz5qk3bwmzlclh51zvotbslvjpsog.jpg\" alt=\"CI 381 Ciondolo in oro bianco e bussola,  CI 380  Ciondolo in oro giallo e bussola\" \/><\/figure><\/a><\/div><div class=\"swiper-slide\" role=\"group\" aria-roledescription=\"slide\" aria-label=\"2 di 3\"><a data-elementor-open-lightbox=\"yes\" data-elementor-lightbox-slideshow=\"142b128\" data-elementor-lightbox-title=\"CI 988\/1B  Ciondolo in oro bianco, brillanti e bussola\" data-e-action-hash=\"#elementor-action%3Aaction%3Dlightbox%26settings%3DeyJpZCI6MTI5MSwidXJsIjoiaHR0cHM6XC9cL3NjYXJhYmVvZ2lvaWVsbGkuaXRcL3dwLWNvbnRlbnRcL3VwbG9hZHNcLzIwMjNcLzA3XC9jaS05ODgxYi1jaW9uZG9sby1pbi1vcm8tYmlhbmNvLWJyaWxsYW50aS1lLWJ1c3NvbGEuanBnIiwic2xpZGVzaG93IjoiMTQyYjEyOCJ9\" href=\"https:\/\/scarabeogioielli.it\/wp-content\/uploads\/2023\/07\/ci-9881b-ciondolo-in-oro-bianco-brillanti-e-bussola.jpg\"><figure class=\"swiper-slide-inner\"><img decoding=\"async\" class=\"swiper-slide-image\" src=\"https:\/\/scarabeogioielli.it\/wp-content\/uploads\/elementor\/thumbs\/ci-9881b-ciondolo-in-oro-bianco-brillanti-e-bussola-qe00ynyfh2shgrby58zzl0yfg5adoun4jivv1923qo.jpg\" alt=\"CI 988\/1B  Ciondolo in oro bianco, brillanti e bussola\" \/><\/figure><\/a><\/div><div class=\"swiper-slide\" role=\"group\" aria-roledescription=\"slide\" aria-label=\"3 di 3\"><a data-elementor-open-lightbox=\"yes\" data-elementor-lightbox-slideshow=\"142b128\" data-elementor-lightbox-title=\"BR 1464 Bracciale in argento e sagolino con bussola, BR 1669 Bracciale in argento e sagolino con bussola, BR 1487 Bracciale in argento e sagolino con bussola, BR 1486 Bracciale in argento e sagolino con bussola\" data-e-action-hash=\"#elementor-action%3Aaction%3Dlightbox%26settings%3DeyJpZCI6MTI5MiwidXJsIjoiaHR0cHM6XC9cL3NjYXJhYmVvZ2lvaWVsbGkuaXRcL3dwLWNvbnRlbnRcL3VwbG9hZHNcLzIwMjNcLzA3XC9ici0xNDY0LWJyYWNjaWFsZS1pbi1hcmdlbnRvLWUtc2Fnb2xpbm8tY29uLWJ1c3NvbGEtYnItMTY2OS1icmFjY2lhbGUtaW4tYXJnZW50by1lLXNhZ29saW5vLWNvbi1idXNzb2xhLWJyLTE0ODctYnJhY2NpYWxlLWluLWFyZ2VudG8tZS1zYWdvbGluby1jb24tYnVzc29sYS1ici0xNDg2LWJyYWNjaWFsZS1pbi1hcmdlbnRvLWUtc2Fnb2xpbm8tY29uLWJ1c3NvbGEuanBnIiwic2xpZGVzaG93IjoiMTQyYjEyOCJ9\" href=\"https:\/\/scarabeogioielli.it\/wp-content\/uploads\/2023\/07\/br-1464-bracciale-in-argento-e-sagolino-con-bussola-br-1669-bracciale-in-argento-e-sagolino-con-bussola-br-1487-bracciale-in-argento-e-sagolino-con-bussola-br-1486-bracciale-in-argento-e-sagolino-con-bussola.jpg\"><figure class=\"swiper-slide-inner\"><img decoding=\"async\" class=\"swiper-slide-image\" src=\"https:\/\/scarabeogioielli.it\/wp-content\/uploads\/elementor\/thumbs\/br-1464-bracciale-in-argento-e-sagolino-con-bussola-br-1669-bracciale-in-argento-e-sagolino-con-bussola-br-1487-bracciale-in-argento-e-sagolino-con-bussola-br-1486-bracciale-in-argento-e-sagolino-con-bussola-qe00ysnmf8yx2t54dt14fhrqf2n7rc5s865afmv4vk.jpg\" alt=\"BR 1464 Bracciale in argento e sagolino con bussola, BR 1669 Bracciale in argento e sagolino con bussola, BR 1487 Bracciale in argento e sagolino con bussola, BR 1486 Bracciale in argento e sagolino con bussola\" \/><\/figure><\/a><\/div>\t\t\t<\/div>\n\t\t\t\t\t\t\t\n\t\t\t\t\t\t\t\t\t<div class=\"swiper-pagination\"><\/div>\n\t\t\t\t\t\t\t\t\t<\/div>\n\t\t\t\t\t\t<\/div>\n\t\t\t\t<\/div>\n\t\t\t\t\t<\/div>\n\t\t<\/div>\n\t\t\t\t\t<\/div>\n\t\t<\/section>\n\t\t\t\t<\/div>\n\t\t","protected":false},"excerpt":{"rendered":"<p>BUSSOLE Questa collezione vede come protagonista la bussola, un oggetto che custodisce un significato universale. Usata fin dall\u2019antichit\u00e0 per orientarsi nei viaggi, simboleggia sicurezza e protezione: \u00e8 vista come una guida perch\u00e9 affidandosi ad essa non ci si pu\u00f2 mai perdere.Potete donarla a qualcuno, con il significato di voler compiere un viaggio di vita insieme &#8230; <a title=\"Bussole\" class=\"read-more\" href=\"https:\/\/scarabeogioielli.it\/index.php\/bussole\/\" aria-label=\"Per saperne di pi\u00f9 su Bussole\">Leggi tutto<\/a><\/p>\n","protected":false},"author":1,"featured_media":0,"parent":0,"menu_order":0,"comment_status":"closed","ping_status":"closed","template":"","meta":{"footnotes":""},"class_list":["post-1111","page","type-page","status-publish"],"_links":{"self":[{"href":"https:\/\/scarabeogioielli.it\/index.php\/wp-json\/wp\/v2\/pages\/1111","targetHints":{"allow":["GET"]}}],"collection":[{"href":"https:\/\/scarabeogioielli.it\/index.php\/wp-json\/wp\/v2\/pages"}],"about":[{"href":"https:\/\/scarabeogioielli.it\/index.php\/wp-json\/wp\/v2\/types\/page"}],"author":[{"embeddable":true,"href":"https:\/\/scarabeogioielli.it\/index.php\/wp-json\/wp\/v2\/users\/1"}],"replies":[{"embeddable":true,"href":"https:\/\/scarabeogioielli.it\/index.php\/wp-json\/wp\/v2\/comments?post=1111"}],"version-history":[{"count":242,"href":"https:\/\/scarabeogioielli.it\/index.php\/wp-json\/wp\/v2\/pages\/1111\/revisions"}],"predecessor-version":[{"id":3800,"href":"https:\/\/scarabeogioielli.it\/index.php\/wp-json\/wp\/v2\/pages\/1111\/revisions\/3800"}],"wp:attachment":[{"href":"https:\/\/scarabeogioielli.it\/index.php\/wp-json\/wp\/v2\/media?parent=1111"}],"curies":[{"name":"wp","href":"https:\/\/api.w.org\/{rel}","templated":true}]}}