{"id":1114,"date":"2023-07-11T08:54:13","date_gmt":"2023-07-11T08:54:13","guid":{"rendered":"https:\/\/busy-haslett.51-89-175-194.plesk.page\/?page_id=1114"},"modified":"2025-02-21T14:45:00","modified_gmt":"2025-02-21T14:45:00","slug":"acqua-e-sale","status":"publish","type":"page","link":"https:\/\/scarabeogioielli.it\/index.php\/acqua-e-sale\/","title":{"rendered":"Acqua e Sale"},"content":{"rendered":"\t\t<div data-elementor-type=\"wp-page\" data-elementor-id=\"1114\" class=\"elementor elementor-1114\" data-elementor-post-type=\"page\">\n\t\t\t\t\t\t<section class=\"elementor-section elementor-top-section elementor-element elementor-element-8686ed5 elementor-section-full_width elementor-section-height-default elementor-section-height-default\" data-id=\"8686ed5\" data-element_type=\"section\">\n\t\t\t\t\t\t<div class=\"elementor-container elementor-column-gap-no\">\n\t\t\t\t\t<div class=\"elementor-column elementor-col-100 elementor-top-column elementor-element elementor-element-2b53d56\" data-id=\"2b53d56\" data-element_type=\"column\">\n\t\t\t<div class=\"elementor-widget-wrap elementor-element-populated\">\n\t\t\t\t\t\t<div class=\"elementor-element elementor-element-39b04d2 elementor-widget elementor-widget-image\" data-id=\"39b04d2\" data-element_type=\"widget\" data-widget_type=\"image.default\">\n\t\t\t\t<div class=\"elementor-widget-container\">\n\t\t\t\t\t\t\t\t\t\t\t\t\t\t\t<img fetchpriority=\"high\" decoding=\"async\" width=\"2500\" height=\"1667\" src=\"https:\/\/scarabeogioielli.it\/wp-content\/uploads\/2023\/07\/bandiere_nautiche_oro.jpg\" class=\"attachment-full size-full wp-image-1141\" alt=\"\" srcset=\"https:\/\/scarabeogioielli.it\/wp-content\/uploads\/2023\/07\/bandiere_nautiche_oro.jpg 2500w, https:\/\/scarabeogioielli.it\/wp-content\/uploads\/2023\/07\/bandiere_nautiche_oro-300x200.jpg 300w, https:\/\/scarabeogioielli.it\/wp-content\/uploads\/2023\/07\/bandiere_nautiche_oro-1024x683.jpg 1024w, https:\/\/scarabeogioielli.it\/wp-content\/uploads\/2023\/07\/bandiere_nautiche_oro-768x512.jpg 768w, https:\/\/scarabeogioielli.it\/wp-content\/uploads\/2023\/07\/bandiere_nautiche_oro-1536x1024.jpg 1536w, https:\/\/scarabeogioielli.it\/wp-content\/uploads\/2023\/07\/bandiere_nautiche_oro-2048x1366.jpg 2048w\" sizes=\"(max-width: 2500px) 100vw, 2500px\" \/>\t\t\t\t\t\t\t\t\t\t\t\t\t\t\t<\/div>\n\t\t\t\t<\/div>\n\t\t\t\t\t<\/div>\n\t\t<\/div>\n\t\t\t\t\t<\/div>\n\t\t<\/section>\n\t\t\t\t<section class=\"elementor-section elementor-top-section elementor-element elementor-element-3e322ac elementor-section-full_width elementor-section-height-default elementor-section-height-default\" data-id=\"3e322ac\" data-element_type=\"section\" data-settings=\"{&quot;background_background&quot;:&quot;gradient&quot;}\">\n\t\t\t\t\t\t<div class=\"elementor-container elementor-column-gap-no\">\n\t\t\t\t\t<div class=\"elementor-column elementor-col-100 elementor-top-column elementor-element elementor-element-5631fc1\" data-id=\"5631fc1\" data-element_type=\"column\">\n\t\t\t<div class=\"elementor-widget-wrap elementor-element-populated\">\n\t\t\t\t\t\t<div class=\"elementor-element elementor-element-d4711d7 elementor-widget elementor-widget-heading\" data-id=\"d4711d7\" data-element_type=\"widget\" data-widget_type=\"heading.default\">\n\t\t\t\t<div class=\"elementor-widget-container\">\n\t\t\t\t\t<h2 class=\"elementor-heading-title elementor-size-default\">ACQUA E SALE<\/h2>\t\t\t\t<\/div>\n\t\t\t\t<\/div>\n\t\t\t\t\t<\/div>\n\t\t<\/div>\n\t\t\t\t\t<\/div>\n\t\t<\/section>\n\t\t\t\t<section class=\"elementor-section elementor-top-section elementor-element elementor-element-3134848 elementor-section-full_width elementor-section-height-default elementor-section-height-default\" data-id=\"3134848\" data-element_type=\"section\" data-settings=\"{&quot;background_background&quot;:&quot;classic&quot;}\">\n\t\t\t\t\t\t<div class=\"elementor-container elementor-column-gap-no\">\n\t\t\t\t\t<div class=\"elementor-column elementor-col-100 elementor-top-column elementor-element elementor-element-1cb827a\" data-id=\"1cb827a\" data-element_type=\"column\">\n\t\t\t<div class=\"elementor-widget-wrap elementor-element-populated\">\n\t\t\t\t\t\t<div class=\"elementor-element elementor-element-753a8ab elementor-widget-divider--view-line elementor-widget elementor-widget-divider\" data-id=\"753a8ab\" data-element_type=\"widget\" data-widget_type=\"divider.default\">\n\t\t\t\t<div class=\"elementor-widget-container\">\n\t\t\t\t\t\t\t<div class=\"elementor-divider\">\n\t\t\t<span class=\"elementor-divider-separator\">\n\t\t\t\t\t\t<\/span>\n\t\t<\/div>\n\t\t\t\t\t\t<\/div>\n\t\t\t\t<\/div>\n\t\t\t\t\t<\/div>\n\t\t<\/div>\n\t\t\t\t\t<\/div>\n\t\t<\/section>\n\t\t\t\t<section class=\"elementor-section elementor-top-section elementor-element elementor-element-bfcd21f elementor-section-boxed elementor-section-height-default elementor-section-height-default\" data-id=\"bfcd21f\" data-element_type=\"section\">\n\t\t\t\t\t\t<div class=\"elementor-container elementor-column-gap-default\">\n\t\t\t\t\t<div class=\"elementor-column elementor-col-100 elementor-top-column elementor-element elementor-element-e3f1399\" data-id=\"e3f1399\" data-element_type=\"column\">\n\t\t\t<div class=\"elementor-widget-wrap elementor-element-populated\">\n\t\t\t\t\t\t<div class=\"elementor-element elementor-element-462b923 elementor-widget elementor-widget-text-editor\" data-id=\"462b923\" data-element_type=\"widget\" data-widget_type=\"text-editor.default\">\n\t\t\t\t<div class=\"elementor-widget-container\">\n\t\t\t\t\t\t\t\t\t<p>\u00c8 la nostra collezione di punta: Maurizio \u00e8 stato tra i primi creatori di <strong>gioielli a tema nautico<\/strong> e ha continuato a realizzarli per anni. La sua abilit\u00e0 nella tecnica dello smalto a fuoco \u00e8 stata fondamentale per creare bracciali, ciondoli e accessori smaltati che potessero durare nel tempo senza danneggiarsi.<br \/>Grazie all\u2019<strong>alfabeto nautico<\/strong>, dove ogni bandierina corrisponde ad una lettera, si possono creare gioielli unici su cui \u201cdipingere\u201d messaggi personali da dedicare o dedicarsi.<br \/>Un\u2019idea regalo meravigliosa per chi ama il mare o sogna di vivere con il sale sulla pelle tutti i giorni<\/p>\t\t\t\t\t\t\t\t<\/div>\n\t\t\t\t<\/div>\n\t\t\t\t\t<\/div>\n\t\t<\/div>\n\t\t\t\t\t<\/div>\n\t\t<\/section>\n\t\t\t\t<section class=\"elementor-section elementor-top-section elementor-element elementor-element-513cef4 elementor-section-boxed elementor-section-height-default elementor-section-height-default\" data-id=\"513cef4\" data-element_type=\"section\">\n\t\t\t\t\t\t<div class=\"elementor-container elementor-column-gap-default\">\n\t\t\t\t\t<div class=\"elementor-column elementor-col-100 elementor-top-column elementor-element elementor-element-cffacc6\" data-id=\"cffacc6\" data-element_type=\"column\">\n\t\t\t<div class=\"elementor-widget-wrap elementor-element-populated\">\n\t\t\t\t\t\t<div class=\"elementor-element elementor-element-d6ae529 elementor-widget elementor-widget-text-editor\" data-id=\"d6ae529\" data-element_type=\"widget\" data-widget_type=\"text-editor.default\">\n\t\t\t\t<div class=\"elementor-widget-container\">\n\t\t\t\t\t\t\t\t\t<ul><li><em>Disponibili in oro, argento e con pietre preziose. <\/em><\/li><li><em>Dipinti a mano con tecnica dello smalto a fuoco. <\/em><\/li><\/ul>\t\t\t\t\t\t\t\t<\/div>\n\t\t\t\t<\/div>\n\t\t\t\t\t<\/div>\n\t\t<\/div>\n\t\t\t\t\t<\/div>\n\t\t<\/section>\n\t\t\t\t<section class=\"elementor-section elementor-top-section elementor-element elementor-element-ee59207 elementor-section-full_width elementor-section-height-default elementor-section-height-default\" data-id=\"ee59207\" data-element_type=\"section\">\n\t\t\t\t\t\t<div class=\"elementor-container elementor-column-gap-default\">\n\t\t\t\t\t<div class=\"elementor-column elementor-col-100 elementor-top-column elementor-element elementor-element-80d89ed\" data-id=\"80d89ed\" data-element_type=\"column\">\n\t\t\t<div class=\"elementor-widget-wrap elementor-element-populated\">\n\t\t\t\t\t\t<div class=\"elementor-element elementor-element-fa03192 elementor-pagination-position-outside elementor-widget elementor-widget-image-carousel\" data-id=\"fa03192\" data-element_type=\"widget\" data-settings=\"{&quot;slides_to_show&quot;:&quot;3&quot;,&quot;slides_to_scroll&quot;:&quot;1&quot;,&quot;navigation&quot;:&quot;dots&quot;,&quot;pause_on_hover&quot;:&quot;no&quot;,&quot;pause_on_interaction&quot;:&quot;no&quot;,&quot;autoplay_speed&quot;:3000,&quot;image_spacing_custom&quot;:{&quot;unit&quot;:&quot;px&quot;,&quot;size&quot;:10,&quot;sizes&quot;:[]},&quot;autoplay&quot;:&quot;yes&quot;,&quot;infinite&quot;:&quot;yes&quot;,&quot;speed&quot;:500,&quot;image_spacing_custom_tablet&quot;:{&quot;unit&quot;:&quot;px&quot;,&quot;size&quot;:&quot;&quot;,&quot;sizes&quot;:[]},&quot;image_spacing_custom_mobile&quot;:{&quot;unit&quot;:&quot;px&quot;,&quot;size&quot;:&quot;&quot;,&quot;sizes&quot;:[]}}\" data-widget_type=\"image-carousel.default\">\n\t\t\t\t<div class=\"elementor-widget-container\">\n\t\t\t\t\t\t\t<div class=\"elementor-image-carousel-wrapper swiper\" role=\"region\" aria-roledescription=\"carousel\" aria-label=\"Carosello d&#039;immagini\" dir=\"ltr\">\n\t\t\t<div class=\"elementor-image-carousel swiper-wrapper swiper-image-stretch\" aria-live=\"off\">\n\t\t\t\t\t\t\t\t<div class=\"swiper-slide\" role=\"group\" aria-roledescription=\"slide\" aria-label=\"1 di 5\"><a data-elementor-open-lightbox=\"yes\" data-elementor-lightbox-slideshow=\"fa03192\" data-elementor-lightbox-title=\"CI  362 Ciondolo rosa dei venti in oro giallo con brillanti\" data-e-action-hash=\"#elementor-action%3Aaction%3Dlightbox%26settings%3DeyJpZCI6MTIzNCwidXJsIjoiaHR0cHM6XC9cL3NjYXJhYmVvZ2lvaWVsbGkuaXRcL3dwLWNvbnRlbnRcL3VwbG9hZHNcLzIwMjNcLzA3XC9jaS0zNjItY2lvbmRvbG8tcm9zYS1kZWktdmVudGktaW4tb3JvLWdpYWxsby1jb24tYnJpbGxhbnRpLmpwZyIsInNsaWRlc2hvdyI6ImZhMDMxOTIifQ%3D%3D\" href=\"https:\/\/scarabeogioielli.it\/wp-content\/uploads\/2023\/07\/ci-362-ciondolo-rosa-dei-venti-in-oro-giallo-con-brillanti.jpg\"><figure class=\"swiper-slide-inner\"><img decoding=\"async\" class=\"swiper-slide-image\" src=\"https:\/\/scarabeogioielli.it\/wp-content\/uploads\/elementor\/thumbs\/ci-362-ciondolo-rosa-dei-venti-in-oro-giallo-con-brillanti-qe00xq48n1i5usp3mudf39hu29x5zqwsevedrag9yo.jpg\" alt=\"CI  362 Ciondolo rosa dei venti in oro giallo con brillanti\" \/><\/figure><\/a><\/div><div class=\"swiper-slide\" role=\"group\" aria-roledescription=\"slide\" aria-label=\"2 di 5\"><a data-elementor-open-lightbox=\"yes\" data-elementor-lightbox-slideshow=\"fa03192\" data-elementor-lightbox-title=\"CI 1040 Ciondolo sestante in oro giallo con brillanti\" data-e-action-hash=\"#elementor-action%3Aaction%3Dlightbox%26settings%3DeyJpZCI6MTIzMywidXJsIjoiaHR0cHM6XC9cL3NjYXJhYmVvZ2lvaWVsbGkuaXRcL3dwLWNvbnRlbnRcL3VwbG9hZHNcLzIwMjNcLzA3XC9jaS0xMDQwLWNpb25kb2xvLXNlc3RhbnRlLWluLW9yby1naWFsbG8tY29uLWJyaWxsYW50aS5qcGciLCJzbGlkZXNob3ciOiJmYTAzMTkyIn0%3D\" href=\"https:\/\/scarabeogioielli.it\/wp-content\/uploads\/2023\/07\/ci-1040-ciondolo-sestante-in-oro-giallo-con-brillanti.jpg\"><figure class=\"swiper-slide-inner\"><img decoding=\"async\" class=\"swiper-slide-image\" src=\"https:\/\/scarabeogioielli.it\/wp-content\/uploads\/elementor\/thumbs\/ci-1040-ciondolo-sestante-in-oro-giallo-con-brillanti-qe00xjjdb795liynp9j13t5lwktlhv6o1ytzecq168.jpg\" alt=\"CI 1040 Ciondolo sestante in oro giallo con brillanti\" \/><\/figure><\/a><\/div><div class=\"swiper-slide\" role=\"group\" aria-roledescription=\"slide\" aria-label=\"3 di 5\"><a data-elementor-open-lightbox=\"yes\" data-elementor-lightbox-slideshow=\"fa03192\" data-elementor-lightbox-title=\"BR 97 Bracciale snodato in oro giallo e bandiere con smalto\" data-e-action-hash=\"#elementor-action%3Aaction%3Dlightbox%26settings%3DeyJpZCI6MTIzMiwidXJsIjoiaHR0cHM6XC9cL3NjYXJhYmVvZ2lvaWVsbGkuaXRcL3dwLWNvbnRlbnRcL3VwbG9hZHNcLzIwMjNcLzA3XC9ici05Ny1icmFjY2lhbGUtc25vZGF0by1pbi1vcm8tZ2lhbGxvLWUtYmFuZGllcmUtY29uLXNtYWx0by5qcGciLCJzbGlkZXNob3ciOiJmYTAzMTkyIn0%3D\" href=\"https:\/\/scarabeogioielli.it\/wp-content\/uploads\/2023\/07\/br-97-bracciale-snodato-in-oro-giallo-e-bandiere-con-smalto.jpg\"><figure class=\"swiper-slide-inner\"><img decoding=\"async\" class=\"swiper-slide-image\" src=\"https:\/\/scarabeogioielli.it\/wp-content\/uploads\/elementor\/thumbs\/br-97-bracciale-snodato-in-oro-giallo-e-bandiere-con-smalto-qe00xc0nsiyv0n9kx6a0jv1x5hunsactcxm3k516k0.jpg\" alt=\"BR 97 Bracciale snodato in oro giallo e bandiere con smalto\" \/><\/figure><\/a><\/div><div class=\"swiper-slide\" role=\"group\" aria-roledescription=\"slide\" aria-label=\"4 di 5\"><a data-elementor-open-lightbox=\"yes\" data-elementor-lightbox-slideshow=\"fa03192\" data-elementor-lightbox-title=\"BR 17 Bracciale in oro con treccia e bandiere con smalto\" data-e-action-hash=\"#elementor-action%3Aaction%3Dlightbox%26settings%3DeyJpZCI6MTIzMSwidXJsIjoiaHR0cHM6XC9cL3NjYXJhYmVvZ2lvaWVsbGkuaXRcL3dwLWNvbnRlbnRcL3VwbG9hZHNcLzIwMjNcLzA3XC9ici0xNy1icmFjY2lhbGUtaW4tb3JvLWNvbi10cmVjY2lhLWUtYmFuZGllcmUtY29uLXNtYWx0by5qcGciLCJzbGlkZXNob3ciOiJmYTAzMTkyIn0%3D\" href=\"https:\/\/scarabeogioielli.it\/wp-content\/uploads\/2023\/07\/br-17-bracciale-in-oro-con-treccia-e-bandiere-con-smalto.jpg\"><figure class=\"swiper-slide-inner\"><img decoding=\"async\" class=\"swiper-slide-image\" src=\"https:\/\/scarabeogioielli.it\/wp-content\/uploads\/elementor\/thumbs\/br-17-bracciale-in-oro-con-treccia-e-bandiere-con-smalto-qe00x5fsgopurdj4zlfmkepozsr3aemp011p77axrk.jpg\" alt=\"BR 17 Bracciale in oro con treccia e bandiere con smalto\" \/><\/figure><\/a><\/div><div class=\"swiper-slide\" role=\"group\" aria-roledescription=\"slide\" aria-label=\"5 di 5\"><a data-elementor-open-lightbox=\"yes\" data-elementor-lightbox-slideshow=\"fa03192\" data-elementor-lightbox-title=\"BR 97 Bracciali snodati in oro giallo e bandiere con smalto\" data-e-action-hash=\"#elementor-action%3Aaction%3Dlightbox%26settings%3DeyJpZCI6MTIyOSwidXJsIjoiaHR0cHM6XC9cL3NjYXJhYmVvZ2lvaWVsbGkuaXRcL3dwLWNvbnRlbnRcL3VwbG9hZHNcLzIwMjNcLzA3XC9ici05Ny1icmFjY2lhbGktc25vZGF0aS1pbi1vcm8tZ2lhbGxvLWUtYmFuZGllcmUtY29uLXNtYWx0by1zY2FsZWQuanBlZyIsInNsaWRlc2hvdyI6ImZhMDMxOTIifQ%3D%3D\" href=\"https:\/\/scarabeogioielli.it\/wp-content\/uploads\/2023\/07\/br-97-bracciali-snodati-in-oro-giallo-e-bandiere-con-smalto-scaled.jpeg\"><figure class=\"swiper-slide-inner\"><img decoding=\"async\" class=\"swiper-slide-image\" src=\"https:\/\/scarabeogioielli.it\/wp-content\/uploads\/elementor\/thumbs\/br-97-bracciali-snodati-in-oro-giallo-e-bandiere-con-smalto-scaled-qe00wjti3hw9ccejhu37h263bxpndd8v921j5u6zqo.jpeg\" alt=\"BR 97 Bracciali snodati in oro giallo e bandiere con smalto\" \/><\/figure><\/a><\/div>\t\t\t<\/div>\n\t\t\t\t\t\t\t\n\t\t\t\t\t\t\t\t\t<div class=\"swiper-pagination\"><\/div>\n\t\t\t\t\t\t\t\t\t<\/div>\n\t\t\t\t\t\t<\/div>\n\t\t\t\t<\/div>\n\t\t\t\t\t<\/div>\n\t\t<\/div>\n\t\t\t\t\t<\/div>\n\t\t<\/section>\n\t\t\t\t<\/div>\n\t\t","protected":false},"excerpt":{"rendered":"<p>ACQUA E SALE \u00c8 la nostra collezione di punta: Maurizio \u00e8 stato tra i primi creatori di gioielli a tema nautico e ha continuato a realizzarli per anni. La sua abilit\u00e0 nella tecnica dello smalto a fuoco \u00e8 stata fondamentale per creare bracciali, ciondoli e accessori smaltati che potessero durare nel tempo senza danneggiarsi.Grazie all\u2019alfabeto &#8230; <a title=\"Acqua e Sale\" class=\"read-more\" href=\"https:\/\/scarabeogioielli.it\/index.php\/acqua-e-sale\/\" aria-label=\"Per saperne di pi\u00f9 su Acqua e Sale\">Leggi tutto<\/a><\/p>\n","protected":false},"author":1,"featured_media":0,"parent":0,"menu_order":0,"comment_status":"closed","ping_status":"closed","template":"","meta":{"footnotes":""},"class_list":["post-1114","page","type-page","status-publish"],"_links":{"self":[{"href":"https:\/\/scarabeogioielli.it\/index.php\/wp-json\/wp\/v2\/pages\/1114","targetHints":{"allow":["GET"]}}],"collection":[{"href":"https:\/\/scarabeogioielli.it\/index.php\/wp-json\/wp\/v2\/pages"}],"about":[{"href":"https:\/\/scarabeogioielli.it\/index.php\/wp-json\/wp\/v2\/types\/page"}],"author":[{"embeddable":true,"href":"https:\/\/scarabeogioielli.it\/index.php\/wp-json\/wp\/v2\/users\/1"}],"replies":[{"embeddable":true,"href":"https:\/\/scarabeogioielli.it\/index.php\/wp-json\/wp\/v2\/comments?post=1114"}],"version-history":[{"count":82,"href":"https:\/\/scarabeogioielli.it\/index.php\/wp-json\/wp\/v2\/pages\/1114\/revisions"}],"predecessor-version":[{"id":4184,"href":"https:\/\/scarabeogioielli.it\/index.php\/wp-json\/wp\/v2\/pages\/1114\/revisions\/4184"}],"wp:attachment":[{"href":"https:\/\/scarabeogioielli.it\/index.php\/wp-json\/wp\/v2\/media?parent=1114"}],"curies":[{"name":"wp","href":"https:\/\/api.w.org\/{rel}","templated":true}]}}