{"id":1120,"date":"2023-07-11T08:56:11","date_gmt":"2023-07-11T08:56:11","guid":{"rendered":"https:\/\/busy-haslett.51-89-175-194.plesk.page\/?page_id=1120"},"modified":"2023-10-17T15:28:53","modified_gmt":"2023-10-17T15:28:53","slug":"venezia","status":"publish","type":"page","link":"https:\/\/scarabeogioielli.it\/index.php\/venezia\/","title":{"rendered":"Venezia"},"content":{"rendered":"\t\t<div data-elementor-type=\"wp-page\" data-elementor-id=\"1120\" class=\"elementor elementor-1120\" data-elementor-post-type=\"page\">\n\t\t\t\t\t\t<section class=\"elementor-section elementor-top-section elementor-element elementor-element-6f576c1 elementor-section-full_width elementor-section-height-default elementor-section-height-default\" data-id=\"6f576c1\" data-element_type=\"section\">\n\t\t\t\t\t\t<div class=\"elementor-container elementor-column-gap-no\">\n\t\t\t\t\t<div class=\"elementor-column elementor-col-100 elementor-top-column elementor-element elementor-element-336872f\" data-id=\"336872f\" data-element_type=\"column\">\n\t\t\t<div class=\"elementor-widget-wrap elementor-element-populated\">\n\t\t\t\t\t\t<div class=\"elementor-element elementor-element-21ab9af elementor-widget elementor-widget-image\" data-id=\"21ab9af\" data-element_type=\"widget\" data-widget_type=\"image.default\">\n\t\t\t\t<div class=\"elementor-widget-container\">\n\t\t\t\t\t\t\t\t\t\t\t\t\t\t\t<img fetchpriority=\"high\" decoding=\"async\" width=\"2560\" height=\"1228\" src=\"https:\/\/scarabeogioielli.it\/wp-content\/uploads\/2023\/07\/catene_oro_bianco-scaled.jpg\" class=\"attachment-full size-full wp-image-1444\" alt=\"\" \/>\t\t\t\t\t\t\t\t\t\t\t\t\t\t\t<\/div>\n\t\t\t\t<\/div>\n\t\t\t\t\t<\/div>\n\t\t<\/div>\n\t\t\t\t\t<\/div>\n\t\t<\/section>\n\t\t\t\t<section class=\"elementor-section elementor-top-section elementor-element elementor-element-85a4831 elementor-section-full_width elementor-section-height-default elementor-section-height-default\" data-id=\"85a4831\" data-element_type=\"section\" data-settings=\"{&quot;background_background&quot;:&quot;gradient&quot;}\">\n\t\t\t\t\t\t<div class=\"elementor-container elementor-column-gap-no\">\n\t\t\t\t\t<div class=\"elementor-column elementor-col-100 elementor-top-column elementor-element elementor-element-d3db56f\" data-id=\"d3db56f\" data-element_type=\"column\">\n\t\t\t<div class=\"elementor-widget-wrap elementor-element-populated\">\n\t\t\t\t\t\t<div class=\"elementor-element elementor-element-a13d31e elementor-widget elementor-widget-heading\" data-id=\"a13d31e\" data-element_type=\"widget\" data-widget_type=\"heading.default\">\n\t\t\t\t<div class=\"elementor-widget-container\">\n\t\t\t\t\t<h2 class=\"elementor-heading-title elementor-size-default\">VENEZIA<\/h2>\t\t\t\t<\/div>\n\t\t\t\t<\/div>\n\t\t\t\t\t<\/div>\n\t\t<\/div>\n\t\t\t\t\t<\/div>\n\t\t<\/section>\n\t\t\t\t<section class=\"elementor-section elementor-top-section elementor-element elementor-element-096b5f4 elementor-section-full_width elementor-section-height-default elementor-section-height-default\" data-id=\"096b5f4\" data-element_type=\"section\" data-settings=\"{&quot;background_background&quot;:&quot;classic&quot;}\">\n\t\t\t\t\t\t<div class=\"elementor-container elementor-column-gap-no\">\n\t\t\t\t\t<div class=\"elementor-column elementor-col-100 elementor-top-column elementor-element elementor-element-409ecad\" data-id=\"409ecad\" data-element_type=\"column\">\n\t\t\t<div class=\"elementor-widget-wrap elementor-element-populated\">\n\t\t\t\t\t\t<div class=\"elementor-element elementor-element-8af21d8 elementor-widget-divider--view-line elementor-widget elementor-widget-divider\" data-id=\"8af21d8\" data-element_type=\"widget\" data-widget_type=\"divider.default\">\n\t\t\t\t<div class=\"elementor-widget-container\">\n\t\t\t\t\t\t\t<div class=\"elementor-divider\">\n\t\t\t<span class=\"elementor-divider-separator\">\n\t\t\t\t\t\t<\/span>\n\t\t<\/div>\n\t\t\t\t\t\t<\/div>\n\t\t\t\t<\/div>\n\t\t\t\t\t<\/div>\n\t\t<\/div>\n\t\t\t\t\t<\/div>\n\t\t<\/section>\n\t\t\t\t<section class=\"elementor-section elementor-top-section elementor-element elementor-element-e73fdba elementor-section-boxed elementor-section-height-default elementor-section-height-default\" data-id=\"e73fdba\" data-element_type=\"section\">\n\t\t\t\t\t\t<div class=\"elementor-container elementor-column-gap-default\">\n\t\t\t\t\t<div class=\"elementor-column elementor-col-100 elementor-top-column elementor-element elementor-element-8149ac7\" data-id=\"8149ac7\" data-element_type=\"column\">\n\t\t\t<div class=\"elementor-widget-wrap elementor-element-populated\">\n\t\t\t\t\t\t<div class=\"elementor-element elementor-element-09226ed elementor-widget elementor-widget-text-editor\" data-id=\"09226ed\" data-element_type=\"widget\" data-widget_type=\"text-editor.default\">\n\t\t\t\t<div class=\"elementor-widget-container\">\n\t\t\t\t\t\t\t\t\t<p>Questa collezione vuole esaltare una tipologia di maglia raffinata ma dall\u2019aspetto pi\u00f9 sportivo, che non perde per\u00f2 la sua eleganza. La <strong>maglia veneta<\/strong> \u00e8 caratterizzata da piccoli anelli saldati insieme che sembrano formare un piccolo cubo: la sua particolarit\u00e0 \u00e8 la tendenza a restare lucida a lungo.<br \/>Apprezzata sia dall\u2019uomo che dalla donna, che vogliono uno stile audace ma ricercato.<\/p>\t\t\t\t\t\t\t\t<\/div>\n\t\t\t\t<\/div>\n\t\t\t\t\t<\/div>\n\t\t<\/div>\n\t\t\t\t\t<\/div>\n\t\t<\/section>\n\t\t\t\t<section class=\"elementor-section elementor-top-section elementor-element elementor-element-420d2aa elementor-section-boxed elementor-section-height-default elementor-section-height-default\" data-id=\"420d2aa\" data-element_type=\"section\">\n\t\t\t\t\t\t<div class=\"elementor-container elementor-column-gap-default\">\n\t\t\t\t\t<div class=\"elementor-column elementor-col-100 elementor-top-column elementor-element elementor-element-93c25dc\" data-id=\"93c25dc\" data-element_type=\"column\">\n\t\t\t<div class=\"elementor-widget-wrap elementor-element-populated\">\n\t\t\t\t\t\t<div class=\"elementor-element elementor-element-751d254 elementor-widget elementor-widget-text-editor\" data-id=\"751d254\" data-element_type=\"widget\" data-widget_type=\"text-editor.default\">\n\t\t\t\t<div class=\"elementor-widget-container\">\n\t\t\t\t\t\t\t\t\t<ul><li><em>Disponibili in oro ed argento.<\/em><\/li><li><em>Personalizzabili con pietre preziose e barilotti smaltati.<\/em><\/li><\/ul>\t\t\t\t\t\t\t\t<\/div>\n\t\t\t\t<\/div>\n\t\t\t\t\t<\/div>\n\t\t<\/div>\n\t\t\t\t\t<\/div>\n\t\t<\/section>\n\t\t\t\t<section class=\"elementor-section elementor-top-section elementor-element elementor-element-e36698c elementor-section-full_width elementor-section-height-default elementor-section-height-default\" data-id=\"e36698c\" data-element_type=\"section\">\n\t\t\t\t\t\t<div class=\"elementor-container elementor-column-gap-default\">\n\t\t\t\t\t<div class=\"elementor-column elementor-col-100 elementor-top-column elementor-element elementor-element-15a374f\" data-id=\"15a374f\" data-element_type=\"column\">\n\t\t\t<div class=\"elementor-widget-wrap elementor-element-populated\">\n\t\t\t\t\t\t<div class=\"elementor-element elementor-element-4eeec17 elementor-pagination-position-outside elementor-widget elementor-widget-image-carousel\" data-id=\"4eeec17\" data-element_type=\"widget\" data-settings=\"{&quot;slides_to_show&quot;:&quot;3&quot;,&quot;slides_to_scroll&quot;:&quot;1&quot;,&quot;navigation&quot;:&quot;dots&quot;,&quot;pause_on_hover&quot;:&quot;no&quot;,&quot;pause_on_interaction&quot;:&quot;no&quot;,&quot;autoplay_speed&quot;:3000,&quot;image_spacing_custom&quot;:{&quot;unit&quot;:&quot;px&quot;,&quot;size&quot;:10,&quot;sizes&quot;:[]},&quot;autoplay&quot;:&quot;yes&quot;,&quot;infinite&quot;:&quot;yes&quot;,&quot;speed&quot;:500,&quot;image_spacing_custom_tablet&quot;:{&quot;unit&quot;:&quot;px&quot;,&quot;size&quot;:&quot;&quot;,&quot;sizes&quot;:[]},&quot;image_spacing_custom_mobile&quot;:{&quot;unit&quot;:&quot;px&quot;,&quot;size&quot;:&quot;&quot;,&quot;sizes&quot;:[]}}\" data-widget_type=\"image-carousel.default\">\n\t\t\t\t<div class=\"elementor-widget-container\">\n\t\t\t\t\t\t\t<div class=\"elementor-image-carousel-wrapper swiper\" role=\"region\" aria-roledescription=\"carousel\" aria-label=\"Carosello d&#039;immagini\" dir=\"ltr\">\n\t\t\t<div class=\"elementor-image-carousel swiper-wrapper swiper-image-stretch\" aria-live=\"off\">\n\t\t\t\t\t\t\t\t<div class=\"swiper-slide\" role=\"group\" aria-roledescription=\"slide\" aria-label=\"1 di 3\"><a data-elementor-open-lightbox=\"yes\" data-elementor-lightbox-slideshow=\"4eeec17\" data-elementor-lightbox-title=\"BR 1961\/AR Bracciale maglia veneta in argento e smalto\" data-e-action-hash=\"#elementor-action%3Aaction%3Dlightbox%26settings%3DeyJpZCI6MTQ1MywidXJsIjoiaHR0cHM6XC9cL3NjYXJhYmVvZ2lvaWVsbGkuaXRcL3dwLWNvbnRlbnRcL3VwbG9hZHNcLzIwMjNcLzA3XC9ici0xOTYxYXItYnJhY2NpYWxlLW1hZ2xpYS12ZW5ldGEtaW4tYXJnZW50by1lLXNtYWx0by1zY2FsZWQuanBnIiwic2xpZGVzaG93IjoiNGVlZWMxNyJ9\" href=\"https:\/\/scarabeogioielli.it\/wp-content\/uploads\/2023\/07\/br-1961ar-bracciale-maglia-veneta-in-argento-e-smalto-scaled.jpg\"><figure class=\"swiper-slide-inner\"><img decoding=\"async\" class=\"swiper-slide-image\" src=\"https:\/\/scarabeogioielli.it\/wp-content\/uploads\/elementor\/thumbs\/br-1961ar-bracciale-maglia-veneta-in-argento-e-smalto-scaled-qe01mucz9nw03o7myp8ipxb9iy49okmkj6zhfh7jow.jpg\" alt=\"BR 1961\/AR Bracciale maglia veneta in argento e smalto\" \/><\/figure><\/a><\/div><div class=\"swiper-slide\" role=\"group\" aria-roledescription=\"slide\" aria-label=\"2 di 3\"><a data-elementor-open-lightbox=\"yes\" data-elementor-lightbox-slideshow=\"4eeec17\" data-elementor-lightbox-title=\"BR 1973\/ARBW Bracciale maglia veneta e barilotti in oro bianco con brillanti brown\" data-e-action-hash=\"#elementor-action%3Aaction%3Dlightbox%26settings%3DeyJpZCI6MTQ1MiwidXJsIjoiaHR0cHM6XC9cL3NjYXJhYmVvZ2lvaWVsbGkuaXRcL3dwLWNvbnRlbnRcL3VwbG9hZHNcLzIwMjNcLzA3XC9ici0xOTczYXJidy1icmFjY2lhbGUtbWFnbGlhLXZlbmV0YS1lLWJhcmlsb3R0aS1pbi1vcm8tYmlhbmNvLWNvbi1icmlsbGFudGktYnJvd24tc2NhbGVkLmpwZyIsInNsaWRlc2hvdyI6IjRlZWVjMTcifQ%3D%3D\" href=\"https:\/\/scarabeogioielli.it\/wp-content\/uploads\/2023\/07\/br-1973arbw-bracciale-maglia-veneta-e-barilotti-in-oro-bianco-con-brillanti-brown-scaled.jpg\"><figure class=\"swiper-slide-inner\"><img decoding=\"async\" class=\"swiper-slide-image\" src=\"https:\/\/scarabeogioielli.it\/wp-content\/uploads\/elementor\/thumbs\/br-1973arbw-bracciale-maglia-veneta-e-barilotti-in-oro-bianco-con-brillanti-brown-scaled-qe019qhzyty27f91i19sy8dvbiq0cilbebhqikn6gg.jpg\" alt=\"BR 1973\/ARBW Bracciale maglia veneta e barilotti in oro bianco con brillanti brown\" \/><\/figure><\/a><\/div><div class=\"swiper-slide\" role=\"group\" aria-roledescription=\"slide\" aria-label=\"3 di 3\"><a data-elementor-open-lightbox=\"yes\" data-elementor-lightbox-slideshow=\"4eeec17\" data-elementor-lightbox-title=\"BR 1938\/ARBW Bracciale maglia veneta e barretta con brillanti brown, BR 1969\/ARBW Bracciale maglia veneta e barilotti con brillanti brown, BR 1975\/ARBN Bracciale maglia veneta e barilotti con brillanti brown\" data-e-action-hash=\"#elementor-action%3Aaction%3Dlightbox%26settings%3DeyJpZCI6MTQ1MSwidXJsIjoiaHR0cHM6XC9cL3NjYXJhYmVvZ2lvaWVsbGkuaXRcL3dwLWNvbnRlbnRcL3VwbG9hZHNcLzIwMjNcLzA3XC9ici0xOTM4YXJidy1icmFjY2lhbGUtbWFnbGlhLXZlbmV0YS1lLWJhcnJldHRhLWNvbi1icmlsbGFudGktYnItMTk2OWFyYnctYnJhY2NpYWxlLW1hZ2xpYS12ZW5ldGEtZS1iYXJpbG90dGktY29uLWJyaWxsYW50aS1icm93bi1ici0xOTc1YXJibi1icmFjY2lhbGUtbWFnbGlhLXZlbmV0YS1lLWJhcmlsb3R0aS1jb24tYnJpbGxhbnRpLWJyb3duLXNjYWxlZC5qcGVnIiwic2xpZGVzaG93IjoiNGVlZWMxNyJ9\" href=\"https:\/\/scarabeogioielli.it\/wp-content\/uploads\/2023\/07\/br-1938arbw-bracciale-maglia-veneta-e-barretta-con-brillanti-br-1969arbw-bracciale-maglia-veneta-e-barilotti-con-brillanti-brown-br-1975arbn-bracciale-maglia-veneta-e-barilotti-con-brillanti-brown-scaled.jpeg\"><figure class=\"swiper-slide-inner\"><img decoding=\"async\" class=\"swiper-slide-image\" src=\"https:\/\/scarabeogioielli.it\/wp-content\/uploads\/elementor\/thumbs\/br-1938arbw-bracciale-maglia-veneta-e-barretta-con-brillanti-br-1969arbw-bracciale-maglia-veneta-e-barilotti-con-brillanti-brown-br-1975arbn-bracciale-maglia-veneta-e-barilotti-con-brillanti-brown-scaled-qe01nxu78pe1namak6aumncmh4ponuzaomdvl3l0fk.jpeg\" alt=\"BR 1938\/ARBW Bracciale maglia veneta e barretta con brillanti brown, BR 1969\/ARBW Bracciale maglia veneta e barilotti con brillanti brown, BR 1975\/ARBN Bracciale maglia veneta e barilotti con brillanti brown\" \/><\/figure><\/a><\/div>\t\t\t<\/div>\n\t\t\t\t\t\t\t\n\t\t\t\t\t\t\t\t\t<div class=\"swiper-pagination\"><\/div>\n\t\t\t\t\t\t\t\t\t<\/div>\n\t\t\t\t\t\t<\/div>\n\t\t\t\t<\/div>\n\t\t\t\t\t<\/div>\n\t\t<\/div>\n\t\t\t\t\t<\/div>\n\t\t<\/section>\n\t\t\t\t<\/div>\n\t\t","protected":false},"excerpt":{"rendered":"<p>VENEZIA Questa collezione vuole esaltare una tipologia di maglia raffinata ma dall\u2019aspetto pi\u00f9 sportivo, che non perde per\u00f2 la sua eleganza. La maglia veneta \u00e8 caratterizzata da piccoli anelli saldati insieme che sembrano formare un piccolo cubo: la sua particolarit\u00e0 \u00e8 la tendenza a restare lucida a lungo.Apprezzata sia dall\u2019uomo che dalla donna, che vogliono &#8230; <a title=\"Venezia\" class=\"read-more\" href=\"https:\/\/scarabeogioielli.it\/index.php\/venezia\/\" aria-label=\"Per saperne di pi\u00f9 su Venezia\">Leggi tutto<\/a><\/p>\n","protected":false},"author":1,"featured_media":0,"parent":0,"menu_order":0,"comment_status":"closed","ping_status":"closed","template":"","meta":{"footnotes":""},"class_list":["post-1120","page","type-page","status-publish"],"_links":{"self":[{"href":"https:\/\/scarabeogioielli.it\/index.php\/wp-json\/wp\/v2\/pages\/1120","targetHints":{"allow":["GET"]}}],"collection":[{"href":"https:\/\/scarabeogioielli.it\/index.php\/wp-json\/wp\/v2\/pages"}],"about":[{"href":"https:\/\/scarabeogioielli.it\/index.php\/wp-json\/wp\/v2\/types\/page"}],"author":[{"embeddable":true,"href":"https:\/\/scarabeogioielli.it\/index.php\/wp-json\/wp\/v2\/users\/1"}],"replies":[{"embeddable":true,"href":"https:\/\/scarabeogioielli.it\/index.php\/wp-json\/wp\/v2\/comments?post=1120"}],"version-history":[{"count":75,"href":"https:\/\/scarabeogioielli.it\/index.php\/wp-json\/wp\/v2\/pages\/1120\/revisions"}],"predecessor-version":[{"id":4119,"href":"https:\/\/scarabeogioielli.it\/index.php\/wp-json\/wp\/v2\/pages\/1120\/revisions\/4119"}],"wp:attachment":[{"href":"https:\/\/scarabeogioielli.it\/index.php\/wp-json\/wp\/v2\/media?parent=1120"}],"curies":[{"name":"wp","href":"https:\/\/api.w.org\/{rel}","templated":true}]}}